{"id":62,"date":"2025-10-30T12:36:36","date_gmt":"2025-10-30T12:36:36","guid":{"rendered":"https:\/\/devenir-riche.fi\/?page_id=62"},"modified":"2025-11-05T18:07:28","modified_gmt":"2025-11-05T18:07:28","slug":"glossaire","status":"publish","type":"page","link":"https:\/\/devenir-riche.fi\/index.php\/glossaire\/","title":{"rendered":"Glossaire"},"content":{"rendered":"\n<h2 class=\"wp-block-heading\">A<\/h2>\n\n\n\n<div class=\"wp-block-group has-base-2-background-color has-background is-vertical is-layout-flex wp-container-core-group-is-layout-05fe6a2f wp-block-group-is-layout-flex\" style=\"border-radius:15px;padding-top:var(--wp--preset--spacing--10);padding-right:var(--wp--preset--spacing--20);padding-bottom:var(--wp--preset--spacing--10);padding-left:var(--wp--preset--spacing--20)\">\n<p><strong>Action<\/strong> : une action est un titre de propri\u00e9t\u00e9 repr\u00e9sentant une part du capital d\u2019une entreprise.<\/p>\n\n\n\n<p><strong>AMF<\/strong> : l\u2019Autorit\u00e9 des march\u00e9s financiers est&nbsp;une autorit\u00e9 publique ind\u00e9pendante qui a pour mission de veiller \u00e0 la protection de l\u2019\u00e9pargne investie en produits financiers, \u00e0 l\u2019information des investisseurs et au bon fonctionnement des march\u00e9s. <\/p>\n\n\n\n<p><strong>Analyse fondamentale <\/strong>: l\u2019analyse fondamentale consiste \u00e0 \u00e9valuer la valeur intrins\u00e8que d\u2019un actif financier.<\/p>\n\n\n\n<p><strong>Analyse technique<\/strong> : l\u2019analyse technique repose sur l\u2019\u00e9tude des graphiques de prix et des volumes pass\u00e9s.<\/p>\n\n\n\n<p><strong><a href=\"https:\/\/devenir-riche.fi\/index.php\/2025\/10\/31\/souscrire-a-une-assurance-vie\/\" data-type=\"post\" data-id=\"176\">Assurance vie<\/a><\/strong> : l&rsquo;assurance-vie est un produit d&rsquo;\u00e9pargne destin\u00e9 \u00e0 transmettre son patrimoine.<\/p>\n<\/div>\n\n\n\n<div style=\"height:40px\" aria-hidden=\"true\" class=\"wp-block-spacer\"><\/div>\n\n\n\n<h2 class=\"wp-block-heading\">B<\/h2>\n\n\n\n<div class=\"wp-block-group has-base-2-background-color has-background has-global-padding is-layout-constrained wp-container-core-group-is-layout-6ebb2501 wp-block-group-is-layout-constrained\" style=\"border-radius:15px;padding-top:var(--wp--preset--spacing--10);padding-right:var(--wp--preset--spacing--20);padding-bottom:var(--wp--preset--spacing--10);padding-left:var(--wp--preset--spacing--20)\">\n<p><strong>Bitcoin<\/strong> : le Bitcoin est une cryptomonnaie d\u00e9centralis\u00e9e, cr\u00e9\u00e9e en 2009.<\/p>\n\n\n\n<p><strong>Blockchain<\/strong> : une blockchain, ou cha\u00eene de blocs en fran\u00e7ais, est une technologie num\u00e9rique de stockage et de transmission d&rsquo;informations sans autorit\u00e9 centrale, mise au point pour le syst\u00e8me Bitcoin en 2009 puis \u00e9largie \u00e0 d&rsquo;autres usages.<\/p>\n\n\n\n<p><strong>Bourse<\/strong> : la bourse est un march\u00e9 financier o\u00f9 s\u2019\u00e9changent des titres comme les actions, les obligations ou les ETF.<\/p>\n\n\n\n<p><strong>Broker<\/strong> : un broker est un interm\u00e9diaire financier qui permet aux particuliers et professionnels d\u2019acheter et vendre des actifs.<\/p>\n<\/div>\n\n\n\n<div style=\"height:40px\" aria-hidden=\"true\" class=\"wp-block-spacer\"><\/div>\n\n\n\n<h2 class=\"wp-block-heading\">C<\/h2>\n\n\n\n<div class=\"wp-block-group has-base-2-background-color has-background is-vertical is-layout-flex wp-container-core-group-is-layout-05fe6a2f wp-block-group-is-layout-flex\" style=\"border-radius:15px;padding-top:var(--wp--preset--spacing--10);padding-right:var(--wp--preset--spacing--20);padding-bottom:var(--wp--preset--spacing--10);padding-left:var(--wp--preset--spacing--20)\">\n<p><strong>CAC 40 :<\/strong> le CAC 40 est l&rsquo;indice boursier de r\u00e9f\u00e9rence en France.<\/p>\n\n\n\n<p><strong>Code ISIN<\/strong> : code utilis\u00e9 pour identifier un instrument financier (action, obligation, fonds d\u2019investissement, etc.).<\/p>\n\n\n\n<p><strong>Crowdequity<\/strong> : Le crowdequity, \u00e9galement appel\u00e9 equity crowdfunding ou financement participatif en actions, est une forme de financement participatif qui permet aux entreprises, notamment des startups ou des PME, de lever des fonds aupr\u00e8s d&rsquo;un grand nombre d&rsquo;investisseurs individuels (particuliers ou professionnels) en \u00e9change d&rsquo;une participation en capital.<\/p>\n\n\n\n<p><strong><a href=\"https:\/\/devenir-riche.fi\/index.php\/2025\/11\/01\/investir-dans-le-crowdfunding\/\" data-type=\"post\" data-id=\"264\">Crowdfunding<\/a><\/strong> : la finance participative permet le d\u00e9veloppement de projets de tous types en s\u2019appuyant sur les contributions financi\u00e8res du grand public, en dehors des circuits de financements traditionnels (banque, business angels, etc.).<\/p>\n\n\n\n<p><strong>Crowdlending<\/strong> : \u00e9galement appel\u00e9 pr\u00eat participatif ou cr\u00e9dit participatif, est une forme de financement participatif (crowdfunding) qui consiste en des op\u00e9rations de pr\u00eat \u00e0 des entreprises, souvent des PME, TPE ou startups, souscrites par une communaut\u00e9 d&rsquo;investisseurs particuliers ou professionnels via une plateforme en ligne sp\u00e9cialis\u00e9e.<\/p>\n\n\n\n<p><strong><a href=\"https:\/\/devenir-riche.fi\/index.php\/2025\/10\/31\/ouvrir-un-compte-titre-ordinaire-cto\/\" data-type=\"post\" data-id=\"205\">Compte-Titres Ordinaire (CTO)<\/a><\/strong> : le CTO est un\u00a0compte bancaire d\u00e9di\u00e9 \u00e0 la d\u00e9tention et \u00e0 la gestion de titres financiers, permettant d&rsquo;investir sur les march\u00e9s financiers en acqu\u00e9rant divers instruments tels que des actions, obligations, parts de fonds d&rsquo;investissement (OPCVM, ETF, Sicav, FCP), bons de souscription, warrants ou certificats, sans limitation g\u00e9ographique ni plafond de versement.<\/p>\n<\/div>\n\n\n\n<div style=\"height:40px\" aria-hidden=\"true\" class=\"wp-block-spacer\"><\/div>\n\n\n\n<h2 class=\"wp-block-heading\">D<\/h2>\n\n\n\n<div class=\"wp-block-group has-base-2-background-color has-background is-vertical is-layout-flex wp-container-core-group-is-layout-05fe6a2f wp-block-group-is-layout-flex\" style=\"border-radius:15px;padding-top:var(--wp--preset--spacing--10);padding-right:var(--wp--preset--spacing--20);padding-bottom:var(--wp--preset--spacing--10);padding-left:var(--wp--preset--spacing--20)\">\n<p><strong>Dividende<\/strong> : le dividende est la part des b\u00e9n\u00e9fices que r\u00e9alise une entreprise et qui est revers\u00e9e \u00e0 ses actionnaires.<\/p>\n<\/div>\n\n\n\n<div style=\"height:40px\" aria-hidden=\"true\" class=\"wp-block-spacer\"><\/div>\n\n\n\n<h2 class=\"wp-block-heading\">E<\/h2>\n\n\n\n<div class=\"wp-block-group has-base-2-background-color has-background is-vertical is-layout-flex wp-container-core-group-is-layout-05fe6a2f wp-block-group-is-layout-flex\" style=\"border-radius:15px;padding-top:var(--wp--preset--spacing--10);padding-right:var(--wp--preset--spacing--20);padding-bottom:var(--wp--preset--spacing--10);padding-left:var(--wp--preset--spacing--20)\">\n<p><strong>Effet de levier<\/strong> : l\u2019effet de levier est une technique financi\u00e8re qui permet de prendre une position plus importante que la somme investie et qui amplifie les gains potentiels ou les pertes en cas d&rsquo;\u00e9volution de march\u00e9 contraire aux anticipations.<\/p>\n\n\n\n<p><strong>Epargne salariale <\/strong>: \u00e9pargne organis\u00e9e dans l\u2019entreprise, sous diff\u00e9rentes formes : Plan d\u2019\u00e9pargne entreprise (PEE), Plan d&rsquo;\u00e9pargne retraite (PER), Plan d\u2019\u00e9pargne pour la retraite collectif (PERCO), actionnariat salari\u00e9, etc.&nbsp;<\/p>\n\n\n\n<p><strong>ESG<\/strong> : les crit\u00e8res ESG (environnementaux, sociaux et de gouvernance) permettent d&rsquo;\u00e9valuer la prise en compte du d\u00e9veloppement durable et des enjeux de long terme dans la strat\u00e9gie des acteurs \u00e9conomiques (entreprises, collectivit\u00e9s, etc.).&nbsp;<\/p>\n\n\n\n<p><strong><a href=\"https:\/\/devenir-riche.fi\/index.php\/2025\/11\/05\/quest-ce-quun-etf\/\" data-type=\"post\" data-id=\"439\">ETF<\/a><\/strong> : un ETF, ou fonds n\u00e9goci\u00e9 en bourse (FNB),\u00a0est un fonds d&rsquo;investissement cot\u00e9 en continu sur les march\u00e9s boursiers, similairement aux actions, permettant d&rsquo;acheter ou de vendre des parts tout au long de la journ\u00e9e.<\/p>\n\n\n\n<p><strong>Euro Stoxx 50<\/strong> : L\u2019Euro Stoxx 50 est un indice boursier qui repr\u00e9sente les 50 soci\u00e9t\u00e9s les plus importantes de la zone euro, s\u00e9lectionn\u00e9es en fonction de leur capitalisation boursi\u00e8re, de leur liquidit\u00e9 et de leur secteur d&rsquo;activit\u00e9.<\/p>\n<\/div>\n\n\n\n<div style=\"height:40px\" aria-hidden=\"true\" class=\"wp-block-spacer\"><\/div>\n\n\n\n<h2 class=\"wp-block-heading\">F<\/h2>\n\n\n\n<div class=\"wp-block-group has-base-2-background-color has-background is-vertical is-layout-flex wp-container-core-group-is-layout-05fe6a2f wp-block-group-is-layout-flex\" style=\"border-radius:15px;padding-top:var(--wp--preset--spacing--10);padding-right:var(--wp--preset--spacing--20);padding-bottom:var(--wp--preset--spacing--10);padding-left:var(--wp--preset--spacing--20)\">\n<p><strong>Frugalisme<\/strong> : le frugalisme est un mode de vie consistant \u00e0 mettre de l\u2019argent de c\u00f4t\u00e9 pour ensuite travailler moins et vivre mieux, quitte \u00e0 gagner moins<\/p>\n<\/div>\n\n\n\n<div style=\"height:40px\" aria-hidden=\"true\" class=\"wp-block-spacer\"><\/div>\n\n\n\n<h2 class=\"wp-block-heading\">L<\/h2>\n\n\n\n<div class=\"wp-block-group has-base-2-background-color has-background is-vertical is-layout-flex wp-container-core-group-is-layout-05fe6a2f wp-block-group-is-layout-flex\" style=\"border-radius:15px;padding-top:var(--wp--preset--spacing--10);padding-right:var(--wp--preset--spacing--20);padding-bottom:var(--wp--preset--spacing--10);padding-left:var(--wp--preset--spacing--20)\">\n<p><strong>Livret A<\/strong> : le livret A est un&nbsp;compte d&rsquo;\u00e9pargne r\u00e9glement\u00e9, ouvert \u00e0 tous les particuliers, y compris les mineurs, et exon\u00e9r\u00e9 d&rsquo;imp\u00f4t sur le revenu ainsi que de pr\u00e9l\u00e8vements sociaux.<\/p>\n\n\n\n<p><strong>Livret de D\u00e9veloppement Durable et Solidaire (LDDS)<\/strong>&nbsp;: le LDDS est un livret d&rsquo;\u00e9pargne r\u00e9glement\u00e9, d\u00e9fiscalis\u00e9 et sans risque, dont le taux d&rsquo;int\u00e9r\u00eat nominal annuel est fix\u00e9 \u00e0 1,7 % depuis le 1er ao\u00fbt 2025, identique \u00e0 celui du Livret A.<\/p>\n\n\n\n<p><strong>Livret d&rsquo;\u00e9pargne populaire<\/strong> : le livret d&rsquo;\u00e9pargne populaire (LEP)&nbsp;est un produit d&rsquo;\u00e9pargne r\u00e9glement\u00e9, d\u00e9fiscalis\u00e9 et r\u00e9mun\u00e9r\u00e9, destin\u00e9 aux personnes \u00e0 revenus modestes r\u00e9sidant fiscalement en France.<\/p>\n\n\n\n<p><strong>Livret jeune <\/strong>: le livret jeune est un&nbsp;compte d&rsquo;\u00e9pargne r\u00e9glement\u00e9, d\u00e9fiscalis\u00e9 et disponible, r\u00e9serv\u00e9 aux jeunes \u00e2g\u00e9s de 12 \u00e0 25 ans r\u00e9sidant en France.<\/p>\n<\/div>\n\n\n\n<div style=\"height:40px\" aria-hidden=\"true\" class=\"wp-block-spacer\"><\/div>\n\n\n\n<h2 class=\"wp-block-heading\">N<\/h2>\n\n\n\n<div class=\"wp-block-group has-base-2-background-color has-background is-vertical is-layout-flex wp-container-core-group-is-layout-05fe6a2f wp-block-group-is-layout-flex\" style=\"border-radius:15px;padding-top:var(--wp--preset--spacing--10);padding-right:var(--wp--preset--spacing--20);padding-bottom:var(--wp--preset--spacing--10);padding-left:var(--wp--preset--spacing--20)\">\n<p><strong>Nasdaq<\/strong> : acronyme de National Association of Securities Dealers Automated Quotations,&nbsp;est une bourse de valeurs am\u00e9ricaine fond\u00e9e le 8 f\u00e9vrier 1971 \u00e0 New York.<\/p>\n<\/div>\n\n\n\n<div style=\"height:40px\" aria-hidden=\"true\" class=\"wp-block-spacer\"><\/div>\n\n\n\n<h2 class=\"wp-block-heading\">O<\/h2>\n\n\n\n<div class=\"wp-block-group has-base-2-background-color has-background is-vertical is-layout-flex wp-container-core-group-is-layout-05fe6a2f wp-block-group-is-layout-flex\" style=\"border-radius:15px;padding-top:var(--wp--preset--spacing--10);padding-right:var(--wp--preset--spacing--20);padding-bottom:var(--wp--preset--spacing--10);padding-left:var(--wp--preset--spacing--20)\">\n<p><strong>OPCVM<\/strong> : un organisme de placement collectif en valeurs mobili\u00e8res est un portefeuille dont les fonds investis sont plac\u00e9s en valeurs mobili\u00e8res ou autres instruments financiers.<\/p>\n<\/div>\n\n\n\n<div style=\"height:40px\" aria-hidden=\"true\" class=\"wp-block-spacer\"><\/div>\n\n\n\n<h2 class=\"wp-block-heading\">P<\/h2>\n\n\n\n<div class=\"wp-block-group has-base-2-background-color has-background is-vertical is-layout-flex wp-container-core-group-is-layout-05fe6a2f wp-block-group-is-layout-flex\" style=\"border-radius:15px;padding-top:var(--wp--preset--spacing--10);padding-right:var(--wp--preset--spacing--20);padding-bottom:var(--wp--preset--spacing--10);padding-left:var(--wp--preset--spacing--20)\">\n<p><strong><a href=\"https:\/\/devenir-riche.fi\/index.php\/2025\/10\/31\/ouvrir-un-plan-depargne-en-actions-pea\/\" data-type=\"post\" data-id=\"194\">Plan d&rsquo;\u00c9pargne en Actions (PEA)<\/a><\/strong> : le plan \u00e9pargne en action est un support d\u2019\u00e9pargne permettant d\u2019allier le rendement \u00e0 la fiscalit\u00e9 optimis\u00e9e.\u00a0<\/p>\n\n\n\n<p><a href=\"https:\/\/devenir-riche.fi\/index.php\/2025\/10\/31\/ouvrir-un-plan-depargne-retraite-per\/\" data-type=\"post\" data-id=\"216\"><strong>Plan \u00c9pargne Retraite (PER)<\/strong> <\/a>: le PER est un produit d\u2019\u00e9pargne destin\u00e9 \u00e0 pr\u00e9parer sa retraite.<\/p>\n<\/div>\n\n\n\n<div style=\"height:40px\" aria-hidden=\"true\" class=\"wp-block-spacer\"><\/div>\n\n\n\n<h2 class=\"wp-block-heading\">S<\/h2>\n\n\n\n<div class=\"wp-block-group has-base-2-background-color has-background is-vertical is-layout-flex wp-container-core-group-is-layout-05fe6a2f wp-block-group-is-layout-flex\" style=\"border-radius:15px;padding-top:var(--wp--preset--spacing--10);padding-right:var(--wp--preset--spacing--20);padding-bottom:var(--wp--preset--spacing--10);padding-left:var(--wp--preset--spacing--20)\">\n<p><strong><a href=\"https:\/\/devenir-riche.fi\/index.php\/2025\/10\/31\/investir-dans-les-societes-civiles-de-placement-immobilier-scpi\/\" data-type=\"post\" data-id=\"231\">SCPI<\/a> :<\/strong> une SCPI (Soci\u00e9t\u00e9 Civile de Placement Immobilier)\u00a0est un v\u00e9hicule d&rsquo;investissement collectif permettant \u00e0 des particuliers ou professionnels d&rsquo;investir dans l&rsquo;immobilier locatif sans gestion directe.<\/p>\n\n\n\n<p><strong>SICAV<\/strong> : les SICAV (soci\u00e9t\u00e9s d\u2019investissement \u00e0 capital variable) sont des soci\u00e9t\u00e9s anonymes, avec un conseil d&rsquo;administration, des assembl\u00e9es g\u00e9n\u00e9rales, ayant ainsi une vie sociale, et l&rsquo;investisseur en est actionnaire. <\/p>\n<\/div>\n\n\n\n<p><\/p>\n","protected":false},"excerpt":{"rendered":"<p>A Action : une action est un titre de propri\u00e9t\u00e9 repr\u00e9sentant une part du capital d\u2019une entreprise. AMF : l\u2019Autorit\u00e9 des march\u00e9s financiers est&nbsp;une autorit\u00e9 publique ind\u00e9pendante qui a pour mission de veiller \u00e0 la protection de l\u2019\u00e9pargne investie en produits financiers, \u00e0 l\u2019information des investisseurs et au bon fonctionnement des march\u00e9s. Analyse fondamentale : [&hellip;]<\/p>\n","protected":false},"author":1,"featured_media":0,"parent":0,"menu_order":0,"comment_status":"closed","ping_status":"closed","template":"","meta":{"footnotes":""},"class_list":["post-62","page","type-page","status-publish","hentry"],"_links":{"self":[{"href":"https:\/\/devenir-riche.fi\/index.php\/wp-json\/wp\/v2\/pages\/62","targetHints":{"allow":["GET"]}}],"collection":[{"href":"https:\/\/devenir-riche.fi\/index.php\/wp-json\/wp\/v2\/pages"}],"about":[{"href":"https:\/\/devenir-riche.fi\/index.php\/wp-json\/wp\/v2\/types\/page"}],"author":[{"embeddable":true,"href":"https:\/\/devenir-riche.fi\/index.php\/wp-json\/wp\/v2\/users\/1"}],"replies":[{"embeddable":true,"href":"https:\/\/devenir-riche.fi\/index.php\/wp-json\/wp\/v2\/comments?post=62"}],"version-history":[{"count":24,"href":"https:\/\/devenir-riche.fi\/index.php\/wp-json\/wp\/v2\/pages\/62\/revisions"}],"predecessor-version":[{"id":456,"href":"https:\/\/devenir-riche.fi\/index.php\/wp-json\/wp\/v2\/pages\/62\/revisions\/456"}],"wp:attachment":[{"href":"https:\/\/devenir-riche.fi\/index.php\/wp-json\/wp\/v2\/media?parent=62"}],"curies":[{"name":"wp","href":"https:\/\/api.w.org\/{rel}","templated":true}]}}