{"id":408,"date":"2025-11-04T17:21:34","date_gmt":"2025-11-04T17:21:34","guid":{"rendered":"https:\/\/devenir-riche.fi\/?page_id=408"},"modified":"2025-11-04T17:31:47","modified_gmt":"2025-11-04T17:31:47","slug":"notre-histoire","status":"publish","type":"page","link":"https:\/\/devenir-riche.fi\/index.php\/notre-histoire\/","title":{"rendered":"Notre histoire"},"content":{"rendered":"\n<figure class=\"wp-block-image size-full has-custom-border\"><img loading=\"lazy\" decoding=\"async\" width=\"612\" height=\"408\" src=\"https:\/\/devenir-riche.fi\/wp-content\/uploads\/2025\/11\/livre-magique-ouvert.webp\" alt=\"\" class=\"wp-image-413\" style=\"border-radius:15px\" srcset=\"https:\/\/devenir-riche.fi\/wp-content\/uploads\/2025\/11\/livre-magique-ouvert.webp 612w, https:\/\/devenir-riche.fi\/wp-content\/uploads\/2025\/11\/livre-magique-ouvert-300x200.webp 300w\" sizes=\"auto, (max-width: 612px) 100vw, 612px\" \/><\/figure>\n\n\n\n<div class=\"wp-block-group alignwide has-global-padding is-layout-constrained wp-block-group-is-layout-constrained\">\n<div class=\"wp-block-group has-base-2-background-color has-background has-global-padding is-layout-constrained wp-container-core-group-is-layout-6ebb2501 wp-block-group-is-layout-constrained\" style=\"border-radius:15px;padding-top:var(--wp--preset--spacing--10);padding-right:var(--wp--preset--spacing--20);padding-bottom:var(--wp--preset--spacing--10);padding-left:var(--wp--preset--spacing--20)\">\n<p>Tout part de l&rsquo;id\u00e9e : \u00ab\u00a0Am\u00e9liorez l&rsquo;\u00e9ducation financi\u00e8re en France\u00a0\u00bb<\/p>\n\n\n\n<p>Le constat est frappant : les fran\u00e7ais n&rsquo;ont pas d&rsquo;\u00e9ducation financi\u00e8re. Cela ne s&rsquo;apprend pas, ni \u00e0 l&rsquo;\u00e9cole \u00e9l\u00e9mentaire, ni dans les foyers, ni m\u00eame \u00e0 l&rsquo;universit\u00e9. <\/p>\n\n\n\n<p>Le r\u00e9sultat est que les fran\u00e7ais \u00e9pargnent beaucoup mais mal. La plupart des \u00e9conomies des fran\u00e7ais dorment sur les comptes bancaires : compte courant, livret A ou LDDS. Ces comptes rapportent pas ou peu.<\/p>\n\n\n\n<p>Pendant ce temps vous ratez des opportunit\u00e9s de faire fructifer votre argent. Et seule une \u00e9lite profite des nombreux outils qui permettent d&rsquo;investir dans la finance.<\/p>\n<\/div>\n\n\n\n<div class=\"wp-block-group has-base-2-background-color has-background is-vertical is-layout-flex wp-container-core-group-is-layout-05fe6a2f wp-block-group-is-layout-flex\" style=\"border-radius:15px;padding-top:var(--wp--preset--spacing--10);padding-right:var(--wp--preset--spacing--20);padding-bottom:var(--wp--preset--spacing--10);padding-left:var(--wp--preset--spacing--20)\">\n<p><strong>Alors pourquoi ne pas changer la r\u00e8gle du jeu ? <\/strong>C&rsquo;est ainsi que devenir-riche.fi est n\u00e9, avec une missions claire :<strong> rendre l&rsquo;investissement accessible \u00e0 tous !<\/strong><\/p>\n\n\n\n<div class=\"wp-block-buttons is-layout-flex wp-block-buttons-is-layout-flex\">\n<div class=\"wp-block-button\"><a class=\"wp-block-button__link wp-element-button\" href=\"https:\/\/devenir-riche.fi\/index.php\/2025\/11\/01\/la-pyramide-de-linvestissement-ou-comment-diversifier-son-patrimoine-financier\/\">D\u00e9couvrez notre m\u00e9thode<\/a><\/div>\n<\/div>\n<\/div>\n<\/div>\n","protected":false},"excerpt":{"rendered":"<p>Tout part de l&rsquo;id\u00e9e : \u00ab\u00a0Am\u00e9liorez l&rsquo;\u00e9ducation financi\u00e8re en France\u00a0\u00bb Le constat est frappant : les fran\u00e7ais n&rsquo;ont pas d&rsquo;\u00e9ducation financi\u00e8re. Cela ne s&rsquo;apprend pas, ni \u00e0 l&rsquo;\u00e9cole \u00e9l\u00e9mentaire, ni dans les foyers, ni m\u00eame \u00e0 l&rsquo;universit\u00e9. Le r\u00e9sultat est que les fran\u00e7ais \u00e9pargnent beaucoup mais mal. La plupart des \u00e9conomies des fran\u00e7ais dorment sur [&hellip;]<\/p>\n","protected":false},"author":1,"featured_media":0,"parent":0,"menu_order":0,"comment_status":"closed","ping_status":"closed","template":"","meta":{"footnotes":""},"class_list":["post-408","page","type-page","status-publish","hentry"],"_links":{"self":[{"href":"https:\/\/devenir-riche.fi\/index.php\/wp-json\/wp\/v2\/pages\/408","targetHints":{"allow":["GET"]}}],"collection":[{"href":"https:\/\/devenir-riche.fi\/index.php\/wp-json\/wp\/v2\/pages"}],"about":[{"href":"https:\/\/devenir-riche.fi\/index.php\/wp-json\/wp\/v2\/types\/page"}],"author":[{"embeddable":true,"href":"https:\/\/devenir-riche.fi\/index.php\/wp-json\/wp\/v2\/users\/1"}],"replies":[{"embeddable":true,"href":"https:\/\/devenir-riche.fi\/index.php\/wp-json\/wp\/v2\/comments?post=408"}],"version-history":[{"count":4,"href":"https:\/\/devenir-riche.fi\/index.php\/wp-json\/wp\/v2\/pages\/408\/revisions"}],"predecessor-version":[{"id":417,"href":"https:\/\/devenir-riche.fi\/index.php\/wp-json\/wp\/v2\/pages\/408\/revisions\/417"}],"wp:attachment":[{"href":"https:\/\/devenir-riche.fi\/index.php\/wp-json\/wp\/v2\/media?parent=408"}],"curies":[{"name":"wp","href":"https:\/\/api.w.org\/{rel}","templated":true}]}}