{"id":39,"date":"2025-10-30T11:07:04","date_gmt":"2025-10-30T11:07:04","guid":{"rendered":"https:\/\/devenir-riche.fi\/?page_id=39"},"modified":"2025-11-04T17:30:31","modified_gmt":"2025-11-04T17:30:31","slug":"qui-sommes-nous","status":"publish","type":"page","link":"https:\/\/devenir-riche.fi\/index.php\/qui-sommes-nous\/","title":{"rendered":"Qui sommes-nous ?"},"content":{"rendered":"\n<figure class=\"wp-block-image size-full has-custom-border\"><img loading=\"lazy\" decoding=\"async\" width=\"740\" height=\"494\" src=\"https:\/\/devenir-riche.fi\/wp-content\/uploads\/2025\/11\/homme-affaires-qui-travaille-ordinateur-portable_158043-19.webp\" alt=\"\" class=\"wp-image-380\" style=\"border-radius:15px\" srcset=\"https:\/\/devenir-riche.fi\/wp-content\/uploads\/2025\/11\/homme-affaires-qui-travaille-ordinateur-portable_158043-19.webp 740w, https:\/\/devenir-riche.fi\/wp-content\/uploads\/2025\/11\/homme-affaires-qui-travaille-ordinateur-portable_158043-19-300x200.webp 300w\" sizes=\"auto, (max-width: 740px) 100vw, 740px\" \/><\/figure>\n\n\n\n<div class=\"wp-block-group has-base-2-background-color has-background is-vertical is-layout-flex wp-container-core-group-is-layout-05fe6a2f wp-block-group-is-layout-flex\" style=\"border-radius:15px;padding-top:var(--wp--preset--spacing--10);padding-right:var(--wp--preset--spacing--20);padding-bottom:var(--wp--preset--spacing--10);padding-left:var(--wp--preset--spacing--20)\">\n<p>Nous sommes une \u00e9quipe passionn\u00e9e par la finance, la transparence et l\u2019empowerment individuel. Fond\u00e9 en 2024, notre mission est simple :\u00a0<strong>rendre la gestion financi\u00e8re accessible, claire et humaine<\/strong>\u00a0pour tous, particuliers comme professionnels.<\/p>\n\n\n\n<p>\u00c0 une \u00e9poque o\u00f9 l\u2019information foisonne mais la compr\u00e9hension manque, nous avons constat\u00e9 un besoin criant : des outils fiables, des conseils sans jargon, et une vision \u00e0 long terme. C\u2019est pourquoi nous avons cr\u00e9\u00e9 ce site &#8211; pas pour vendre, mais pour\u00a0<strong>accompagner, \u00e9duquer et responsabiliser<\/strong>.<\/p>\n\n\n\n<p>Notre expertise s\u2019appuie sur des ann\u00e9es d\u2019exp\u00e9rience dans la banque, la gestion d\u2019actifs et la formation financi\u00e8re. Mais ce qui nous anime, c\u2019est la conviction que chacun m\u00e9rite de\u00a0<strong>ma\u00eetriser son avenir \u00e9conomique<\/strong>, sans d\u00e9pendre des interm\u00e9diaires ou des syst\u00e8mes opaques.<\/p>\n<\/div>\n\n\n\n<figure class=\"wp-block-pullquote\"><blockquote><p>Si vous ne trouvez pas un moyen de gagner de l&rsquo;argent pendant que vous dormez, vous travaillerez jusqu&rsquo;\u00e0 votre mort.<\/p><cite><a href=\"https:\/\/citation-celebre.leparisien.fr\/auteur\/warren-buffett\">Warren Buffett<\/a>, homme d&rsquo;affaire<\/cite><\/blockquote><\/figure>\n\n\n\n<div class=\"wp-block-group has-base-2-background-color has-background is-vertical is-layout-flex wp-container-core-group-is-layout-05fe6a2f wp-block-group-is-layout-flex\" style=\"border-radius:15px;padding-top:var(--wp--preset--spacing--10);padding-right:var(--wp--preset--spacing--20);padding-bottom:var(--wp--preset--spacing--10);padding-left:var(--wp--preset--spacing--20)\">\n<p>Nous croyons en une finance\u00a0<strong>\u00e9thique, inclusive et p\u00e9dagogique<\/strong>. C\u2019est pourquoi nous mettons l\u2019accent sur la pr\u00e9vention des dettes, l\u2019\u00e9pargne intelligente, l\u2019investissement durable et la litt\u00e9ratie financi\u00e8re d\u00e8s le plus jeune \u00e2ge.<\/p>\n\n\n\n<p><strong>Alors pourquoi ne pas changer la r\u00e8gle du jeu ? <\/strong>C&rsquo;est ainsi que devenir-riche.fi est n\u00e9, avec une missions claire :<strong> rendre l&rsquo;investissement accessible \u00e0 tous !<\/strong><\/p>\n\n\n\n<div class=\"wp-block-buttons is-content-justification-center is-layout-flex wp-container-core-buttons-is-layout-a89b3969 wp-block-buttons-is-layout-flex\">\n<div class=\"wp-block-button has-custom-width wp-block-button__width-100 is-style-fill\"><a class=\"wp-block-button__link has-medium-font-size has-text-align-center has-custom-font-size wp-element-button\" href=\"https:\/\/devenir-riche.fi\/index.php\/2025\/11\/01\/la-pyramide-de-linvestissement-ou-comment-diversifier-son-patrimoine-financier\/\" style=\"padding-right:var(--wp--preset--spacing--10);padding-left:var(--wp--preset--spacing--10)\">D\u00e9couvrer notre m\u00e9thode d&rsquo;investissement<\/a><\/div>\n<\/div>\n<\/div>\n\n\n\n<p><\/p>\n","protected":false},"excerpt":{"rendered":"<p>Nous sommes une \u00e9quipe passionn\u00e9e par la finance, la transparence et l\u2019empowerment individuel. Fond\u00e9 en 2024, notre mission est simple :\u00a0rendre la gestion financi\u00e8re accessible, claire et humaine\u00a0pour tous, particuliers comme professionnels. \u00c0 une \u00e9poque o\u00f9 l\u2019information foisonne mais la compr\u00e9hension manque, nous avons constat\u00e9 un besoin criant : des outils fiables, des conseils sans [&hellip;]<\/p>\n","protected":false},"author":1,"featured_media":0,"parent":0,"menu_order":0,"comment_status":"closed","ping_status":"closed","template":"","meta":{"footnotes":""},"class_list":["post-39","page","type-page","status-publish","hentry"],"_links":{"self":[{"href":"https:\/\/devenir-riche.fi\/index.php\/wp-json\/wp\/v2\/pages\/39","targetHints":{"allow":["GET"]}}],"collection":[{"href":"https:\/\/devenir-riche.fi\/index.php\/wp-json\/wp\/v2\/pages"}],"about":[{"href":"https:\/\/devenir-riche.fi\/index.php\/wp-json\/wp\/v2\/types\/page"}],"author":[{"embeddable":true,"href":"https:\/\/devenir-riche.fi\/index.php\/wp-json\/wp\/v2\/users\/1"}],"replies":[{"embeddable":true,"href":"https:\/\/devenir-riche.fi\/index.php\/wp-json\/wp\/v2\/comments?post=39"}],"version-history":[{"count":7,"href":"https:\/\/devenir-riche.fi\/index.php\/wp-json\/wp\/v2\/pages\/39\/revisions"}],"predecessor-version":[{"id":416,"href":"https:\/\/devenir-riche.fi\/index.php\/wp-json\/wp\/v2\/pages\/39\/revisions\/416"}],"wp:attachment":[{"href":"https:\/\/devenir-riche.fi\/index.php\/wp-json\/wp\/v2\/media?parent=39"}],"curies":[{"name":"wp","href":"https:\/\/api.w.org\/{rel}","templated":true}]}}