{"id":36,"date":"2025-10-30T10:56:42","date_gmt":"2025-10-30T10:56:42","guid":{"rendered":"https:\/\/devenir-riche.fi\/?page_id=36"},"modified":"2025-10-30T17:39:29","modified_gmt":"2025-10-30T17:39:29","slug":"conditions-generales-dutilisation","status":"publish","type":"page","link":"https:\/\/devenir-riche.fi\/index.php\/conditions-generales-dutilisation\/","title":{"rendered":"Conditions g\u00e9n\u00e9rales d&rsquo;utilisation"},"content":{"rendered":"\n<div class=\"wp-block-group has-base-2-background-color has-background is-vertical is-layout-flex wp-container-core-group-is-layout-05fe6a2f wp-block-group-is-layout-flex\" style=\"border-radius:15px;padding-top:var(--wp--preset--spacing--10);padding-right:var(--wp--preset--spacing--20);padding-bottom:var(--wp--preset--spacing--10);padding-left:var(--wp--preset--spacing--20)\">\n<p>L&rsquo;utilisateur reconna\u00eet avoir pris connaissance des pr\u00e9sentes conditions d&rsquo;utilisation du site internet devenir-riche.fi et s&rsquo;engage \u00e0 les respecter. <\/p>\n\n\n\n<p>Devenir-riche.fi se r\u00e9serve le droit de modifier ces pr\u00e9sentes Conditions G\u00e9n\u00e9rales d&rsquo;Utilisation du site Web.<\/p>\n<\/div>\n\n\n\n<div style=\"height:40px\" aria-hidden=\"true\" class=\"wp-block-spacer\"><\/div>\n\n\n\n<h2 class=\"wp-block-heading\">Responsabilit\u00e9s<\/h2>\n\n\n\n<div class=\"wp-block-group has-base-2-background-color has-background is-vertical is-layout-flex wp-container-core-group-is-layout-05fe6a2f wp-block-group-is-layout-flex\" style=\"border-radius:15px;padding-top:var(--wp--preset--spacing--10);padding-right:var(--wp--preset--spacing--20);padding-bottom:var(--wp--preset--spacing--10);padding-left:var(--wp--preset--spacing--20)\">\n<p>Devenir-riche.fi s&rsquo;engage \u00e0 mettre tous les moyens n\u00e9cessaires pour assurer la fourniture des services qu&rsquo;il propose. La responsabilit\u00e9 de devenir-riche.fi ne saurait \u00eatre engag\u00e9e en cas d&rsquo;interruption du service ind\u00e9pendant de sa volont\u00e9 (d\u00e9faillance du r\u00e9seau t\u00e9l\u00e9phonique, du fournisseur d&rsquo;acc\u00e8s ou de l&rsquo;h\u00e9bergeur du site&#8230;)<\/p>\n\n\n\n<p>Devenir-riche.fi n&rsquo;intervient pas dans la transaction entre les annonceurs et les clients. devenir-riche.fi ne saurait \u00eatre tenu pour responsable des erreurs ou d&rsquo;absence d&rsquo;informations dans les fiches descriptives.<\/p>\n\n\n\n<p>Les informations sont communiqu\u00e9es par l&rsquo;annonceur \u00e0 titre indicatif et ne sauraient dispenser les internautes de v\u00e9rifications.<\/p>\n<\/div>\n\n\n\n<div style=\"height:40px\" aria-hidden=\"true\" class=\"wp-block-spacer\"><\/div>\n\n\n\n<h2 class=\"wp-block-heading\">Annonces<\/h2>\n\n\n\n<div class=\"wp-block-group has-base-2-background-color has-background is-vertical is-layout-flex wp-container-core-group-is-layout-05fe6a2f wp-block-group-is-layout-flex\" style=\"border-radius:15px;padding-top:var(--wp--preset--spacing--10);padding-right:var(--wp--preset--spacing--20);padding-bottom:var(--wp--preset--spacing--10);padding-left:var(--wp--preset--spacing--20)\">\n<p>Les \u00e9l\u00e9ments descriptifs des annonces (tarifs, photos, textes&#8230;) publi\u00e9s sur devenir-riche.fi sont communiqu\u00e9s par les propri\u00e9taires qui assument ainsi l&rsquo;enti\u00e8re responsabilit\u00e9 du contenu, il en va de m\u00eame pour les liens hypertextes dans les annonces qui renvoient vers d&rsquo;autres sites. <\/p>\n\n\n\n<p>L&rsquo;utilisation du formulaire de contact \u00e0 des fins commerciales est strictement interdite et fera l&rsquo;objet de poursuite.<\/p>\n<\/div>\n\n\n\n<div style=\"height:40px\" aria-hidden=\"true\" class=\"wp-block-spacer\"><\/div>\n\n\n\n<h2 class=\"wp-block-heading\">Donn\u00e9es<\/h2>\n\n\n\n<div class=\"wp-block-group has-base-2-background-color has-background is-vertical is-layout-flex wp-container-core-group-is-layout-05fe6a2f wp-block-group-is-layout-flex\" style=\"border-radius:15px;padding-top:var(--wp--preset--spacing--10);padding-right:var(--wp--preset--spacing--20);padding-bottom:var(--wp--preset--spacing--10);padding-left:var(--wp--preset--spacing--20)\">\n<p>L&rsquo;internaute est inform\u00e9 qu&rsquo;il dispose d&rsquo;un droit d&rsquo;acc\u00e8s, de rectification et de suppression portant sur les donn\u00e9es le concernant. <\/p>\n\n\n\n<p>L&rsquo;utilisateur peut exercer ce droit par email en nous \u00e9crivant par email.<\/p>\n<\/div>\n\n\n\n<div style=\"height:40px\" aria-hidden=\"true\" class=\"wp-block-spacer\"><\/div>\n\n\n\n<h2 class=\"wp-block-heading\">Copyright<\/h2>\n\n\n\n<div class=\"wp-block-group has-base-2-background-color has-background is-vertical is-layout-flex wp-container-core-group-is-layout-05fe6a2f wp-block-group-is-layout-flex\" style=\"border-radius:15px;padding-top:var(--wp--preset--spacing--10);padding-right:var(--wp--preset--spacing--20);padding-bottom:var(--wp--preset--spacing--10);padding-left:var(--wp--preset--spacing--20)\">\n<p>Devenir-riche.fi et l&rsquo;ensemble du contenu (textes, illustrations, bases de donn\u00e9es,etc.) est la propri\u00e9t\u00e9 exclusive de devenir-riche.fi<\/p>\n\n\n\n<p>La reproduction totale ou partielle est interdite sur quelque support que ce soit sans l&rsquo;accord de devenir-riche.fi.<\/p>\n<\/div>\n\n\n\n<div style=\"height:40px\" aria-hidden=\"true\" class=\"wp-block-spacer\"><\/div>\n\n\n\n<h2 class=\"wp-block-heading\">H\u00e9bergement<\/h2>\n\n\n\n<div class=\"wp-block-group has-base-2-background-color has-background is-vertical is-layout-flex wp-container-core-group-is-layout-05fe6a2f wp-block-group-is-layout-flex\" style=\"border-radius:15px;padding-top:var(--wp--preset--spacing--10);padding-right:var(--wp--preset--spacing--20);padding-bottom:var(--wp--preset--spacing--10);padding-left:var(--wp--preset--spacing--20)\">\n<p>L&rsquo;h\u00e9bergement de devenir-riche.fi est assur\u00e9 par :<br>ovh.com<br>SAS au capital de 10 059 500 \u20ac<br>RCS Lille M\u00e9tropole 424 761 419 00045<br>Code APE 6202A<br>N\u00b0 TVA : FR 22 424 761 419<br>Si\u00e8ge social : 2 rue Kellermann &#8211; 59100 Roubaix &#8211; France.<\/p>\n<\/div>\n","protected":false},"excerpt":{"rendered":"<p>L&rsquo;utilisateur reconna\u00eet avoir pris connaissance des pr\u00e9sentes conditions d&rsquo;utilisation du site internet devenir-riche.fi et s&rsquo;engage \u00e0 les respecter. Devenir-riche.fi se r\u00e9serve le droit de modifier ces pr\u00e9sentes Conditions G\u00e9n\u00e9rales d&rsquo;Utilisation du site Web. Responsabilit\u00e9s Devenir-riche.fi s&rsquo;engage \u00e0 mettre tous les moyens n\u00e9cessaires pour assurer la fourniture des services qu&rsquo;il propose. La responsabilit\u00e9 de devenir-riche.fi ne [&hellip;]<\/p>\n","protected":false},"author":1,"featured_media":0,"parent":0,"menu_order":0,"comment_status":"closed","ping_status":"closed","template":"","meta":{"footnotes":""},"class_list":["post-36","page","type-page","status-publish","hentry"],"_links":{"self":[{"href":"https:\/\/devenir-riche.fi\/index.php\/wp-json\/wp\/v2\/pages\/36","targetHints":{"allow":["GET"]}}],"collection":[{"href":"https:\/\/devenir-riche.fi\/index.php\/wp-json\/wp\/v2\/pages"}],"about":[{"href":"https:\/\/devenir-riche.fi\/index.php\/wp-json\/wp\/v2\/types\/page"}],"author":[{"embeddable":true,"href":"https:\/\/devenir-riche.fi\/index.php\/wp-json\/wp\/v2\/users\/1"}],"replies":[{"embeddable":true,"href":"https:\/\/devenir-riche.fi\/index.php\/wp-json\/wp\/v2\/comments?post=36"}],"version-history":[{"count":3,"href":"https:\/\/devenir-riche.fi\/index.php\/wp-json\/wp\/v2\/pages\/36\/revisions"}],"predecessor-version":[{"id":87,"href":"https:\/\/devenir-riche.fi\/index.php\/wp-json\/wp\/v2\/pages\/36\/revisions\/87"}],"wp:attachment":[{"href":"https:\/\/devenir-riche.fi\/index.php\/wp-json\/wp\/v2\/media?parent=36"}],"curies":[{"name":"wp","href":"https:\/\/api.w.org\/{rel}","templated":true}]}}