{"id":31,"date":"2025-10-30T10:49:55","date_gmt":"2025-10-30T10:49:55","guid":{"rendered":"https:\/\/devenir-riche.fi\/?page_id=31"},"modified":"2025-10-30T17:34:13","modified_gmt":"2025-10-30T17:34:13","slug":"politique-de-confidentialite","status":"publish","type":"page","link":"https:\/\/devenir-riche.fi\/index.php\/politique-de-confidentialite\/","title":{"rendered":"Politique de confidentialit\u00e9"},"content":{"rendered":"\n<div class=\"wp-block-group has-base-2-background-color has-background is-vertical is-layout-flex wp-container-core-group-is-layout-05fe6a2f wp-block-group-is-layout-flex\" style=\"border-radius:15px;padding-top:var(--wp--preset--spacing--10);padding-right:var(--wp--preset--spacing--20);padding-bottom:var(--wp--preset--spacing--10);padding-left:var(--wp--preset--spacing--20)\">\n<p>Cette rubrique d\u00e9taille notre politique concernant vos donn\u00e9es personnelles sur le site <a href=\"https:\/\/devenir-riche.fi\/\">devenir-riche.fi,<\/a> conform\u00e9ment au R\u00e8glement G\u00e9n\u00e9ral sur la Protection des Donn\u00e9es qui entre en vigueur le 25\/05\/2018 dans toute l&rsquo;Europe. <\/p>\n\n\n\n<p>C&rsquo;est pour nous l&rsquo;occasion d&rsquo;\u00eatre plus transparent sur les donn\u00e9es que nous collectons, ce que nous en faisons, afin, nous l&rsquo;esp\u00e9rons, d&rsquo;accroitre votre confiance.<\/p>\n<\/div>\n\n\n\n<div style=\"height:40px\" aria-hidden=\"true\" class=\"wp-block-spacer\"><\/div>\n\n\n\n<h2 class=\"wp-block-heading\">Collecte de l&rsquo;information<\/h2>\n\n\n\n<div class=\"wp-block-group has-base-2-background-color has-background is-vertical is-layout-flex wp-container-core-group-is-layout-05fe6a2f wp-block-group-is-layout-flex\" style=\"border-radius:15px;padding-top:var(--wp--preset--spacing--10);padding-right:var(--wp--preset--spacing--20);padding-bottom:var(--wp--preset--spacing--10);padding-left:var(--wp--preset--spacing--20)\">\n<p>Nous ne collectons pas vos donn\u00e9es:<\/p>\n\n\n\n<p>Voici le d\u00e9tail des informations que nous collectons, lorsque vous utilisez le site Lesnoeuds.com :<\/p>\n\n\n\n<ul class=\"wp-block-list\">\n<li><strong>Informations personnelles et de contact :<\/strong>&nbsp;la navigation sur devenir-riche.fi ne n\u00e9c\u00e9ssite pas de cr\u00e9ation de compte. Par cons\u00e9quent nous ne stockons aucune informtion sur les utilisateurs.<\/li>\n\n\n\n<li><strong>Avis et messages :<\/strong>&nbsp;lorsque vous consultez nos articles vous pouvez laisser un avis.<\/li>\n\n\n\n<li><strong>Mails envoy\u00e9s :<\/strong>&nbsp;nous ne gardons pas un historique de tous les mails envoy\u00e9s par l&rsquo;interm\u00e9diaire de devenir-riche.fi (notifications, newsletter, contact).<\/li>\n\n\n\n<li><strong>Donn\u00e9es collect\u00e9es automatiquement :<\/strong>&nbsp;lors de votre utilisation du site, nous collectons parfois les donn\u00e9es suivantes : adresse IP afin d&rsquo;\u00e9viter que vous ne r\u00e9pondiez plusieurs fois \u00e0 nos sondages. Nous stockons \u00e9galement vos visites \u00e0 des fins statistiques dans le but d&rsquo;am\u00e9liorer nos contenus. Des cookies ne sont pas d\u00e9pos\u00e9s par devenir-riche.fi, mais par des services tiers comme Google Analytics \u00e0 des fins statistiques.<\/li>\n<\/ul>\n<\/div>\n\n\n\n<div style=\"height:40px\" aria-hidden=\"true\" class=\"wp-block-spacer\"><\/div>\n\n\n\n<h2 class=\"wp-block-heading\">Objectifs du traitement des donn\u00e9es<\/h2>\n\n\n\n<div class=\"wp-block-group has-base-2-background-color has-background is-vertical is-layout-flex wp-container-core-group-is-layout-05fe6a2f wp-block-group-is-layout-flex\" style=\"border-radius:15px;padding-top:var(--wp--preset--spacing--10);padding-right:var(--wp--preset--spacing--20);padding-bottom:var(--wp--preset--spacing--10);padding-left:var(--wp--preset--spacing--20)\">\n<p>Nous ne collectons pas vos donn\u00e9es:<\/p>\n\n\n\n<ul class=\"wp-block-list\">\n<li><strong>Pas d&rsquo;inscription de compte client sur devenir-riche.fi<\/strong><\/li>\n\n\n\n<li><strong>Pas de Newsletter :<\/strong>&nbsp;devenir-riche.fi ne dispose pas de newsletter pour le moment.<\/li>\n\n\n\n<li><strong>Mesurer les performances et am\u00e9liorer nos outils et notre contenu :<\/strong>&nbsp;l&rsquo;utilisation des vos donn\u00e9es personnelles dans ce cadre sert uniquement \u00e0 \u00e9tablir des moyennes et des statistiques globales.<\/li>\n<\/ul>\n<\/div>\n\n\n\n<div style=\"height:40px\" aria-hidden=\"true\" class=\"wp-block-spacer\"><\/div>\n\n\n\n<h2 class=\"wp-block-heading\">Partage de donn\u00e9es personnelles avec des tiers<\/h2>\n\n\n\n<div class=\"wp-block-group has-base-2-background-color has-background is-vertical is-layout-flex wp-container-core-group-is-layout-05fe6a2f wp-block-group-is-layout-flex\" style=\"border-radius:15px;padding-top:var(--wp--preset--spacing--10);padding-right:var(--wp--preset--spacing--20);padding-bottom:var(--wp--preset--spacing--10);padding-left:var(--wp--preset--spacing--20)\">\n<p>Nous sommes amen\u00e9s \u00e0 partager vos donn\u00e9es personnelles avec les entit\u00e9s suivantes :<\/p>\n\n\n\n<ul class=\"wp-block-list\">\n<li><strong>Avec la police ou un tribunal :<\/strong>&nbsp;lorsqu&rsquo;une requ\u00eate en bonne et due forme a \u00e9t\u00e9 r\u00e9alis\u00e9e.<\/li>\n<\/ul>\n\n\n\n<p>Nous ne communiquerons jamais votre adresse email \u00e0 des tiers sans votre accord explicite.<\/p>\n<\/div>\n\n\n\n<div style=\"height:40px\" aria-hidden=\"true\" class=\"wp-block-spacer\"><\/div>\n\n\n\n<h2 class=\"wp-block-heading\">Dur\u00e9e de conservation des donn\u00e9es<\/h2>\n\n\n\n<div class=\"wp-block-group has-base-2-background-color has-background is-vertical is-layout-flex wp-container-core-group-is-layout-05fe6a2f wp-block-group-is-layout-flex\" style=\"border-radius:15px;padding-top:var(--wp--preset--spacing--10);padding-right:var(--wp--preset--spacing--20);padding-bottom:var(--wp--preset--spacing--10);padding-left:var(--wp--preset--spacing--20)\">\n<p>Devenir-riche.fi \u00e9tant un site communautaire, les contenus (articles et conseils, illustrations, messages, avis) que vous a avez explicitement rendus public sont conserv\u00e9s sans limite de temps, conform\u00e9ment \u00e0 nos conditions g\u00e9n\u00e9rales d&rsquo;utilisation. Il s&rsquo;agit de garantir la coh\u00e9rence d&rsquo;ensemble de nos outils.<\/p>\n\n\n\n<p>Nous n&rsquo;avons pas d&rsquo;historique des mails envoy\u00e9s.<\/p>\n<\/div>\n\n\n\n<div style=\"height:40px\" aria-hidden=\"true\" class=\"wp-block-spacer\"><\/div>\n\n\n\n<h2 class=\"wp-block-heading\">Droit d&rsquo;acc\u00e8s<\/h2>\n\n\n\n<div class=\"wp-block-group has-base-2-background-color has-background is-vertical is-layout-flex wp-container-core-group-is-layout-05fe6a2f wp-block-group-is-layout-flex\" style=\"border-radius:15px;padding-top:var(--wp--preset--spacing--10);padding-right:var(--wp--preset--spacing--20);padding-bottom:var(--wp--preset--spacing--10);padding-left:var(--wp--preset--spacing--20)\">\n<p>Vous avez le droit de recevoir gratuitement les donn\u00e9es personnelles stock\u00e9es chez nous \u00e0 tout moment.<\/p>\n\n\n\n<p>Pour cela, veuillez nous adresser un mail depuis notre formulaire de contact en joignant une copie de votre carte d&rsquo;identit\u00e9. Nous nous chargerons alors de v\u00e9rifier que vous \u00eates bien la bonne personne \u00e0 qui nous communiquons les donn\u00e9es.<\/p>\n<\/div>\n\n\n\n<div style=\"height:40px\" aria-hidden=\"true\" class=\"wp-block-spacer\"><\/div>\n\n\n\n<h2 class=\"wp-block-heading\">S\u00e9curit\u00e9<\/h2>\n\n\n\n<div class=\"wp-block-group has-base-2-background-color has-background is-vertical is-layout-flex wp-container-core-group-is-layout-05fe6a2f wp-block-group-is-layout-flex\" style=\"border-radius:15px;padding-top:var(--wp--preset--spacing--10);padding-right:var(--wp--preset--spacing--20);padding-bottom:var(--wp--preset--spacing--10);padding-left:var(--wp--preset--spacing--20)\">\n<p>Les donn\u00e9es sont h\u00e9berg\u00e9es sur un serveur dont le niveau de s\u00e9curit\u00e9 est en lien avec la sensibilit\u00e9 des donn\u00e9es. Quelques personnes peuvent y avoir acc\u00e8s, en partie ou en totalit\u00e9, dans le cadre normal de leur mission : administrateur et mod\u00e9rateurs.<\/p>\n\n\n\n<p>Au del\u00e0 de la s\u00e9curisation de l&rsquo;h\u00e9bergement, nous ne transmettons en aucun cas vos donn\u00e9es \u00e0 des tiers.<\/p>\n\n\n\n<p>Malgr\u00e9 tout, en cas de violation de l&rsquo;int\u00e9grit\u00e9 de vos donn\u00e9es, et conform\u00e9ment \u00e0 la loi, nous notifierons l&rsquo;incident \u00e0 la CNIL et vous en serez avertis dans les d\u00e9lais l\u00e9gaux. Nous prendrons par ailleurs toutes les mesures n\u00e9cessaires pour ne pas que l&rsquo;incident se reproduise.<\/p>\n<\/div>\n\n\n\n<div style=\"height:40px\" aria-hidden=\"true\" class=\"wp-block-spacer\"><\/div>\n\n\n\n<h2 class=\"wp-block-heading\">Acceptation<\/h2>\n\n\n\n<div class=\"wp-block-group has-global-padding is-layout-constrained wp-block-group-is-layout-constrained\">\n<p class=\"has-base-2-background-color has-background\" style=\"border-radius:15px;padding-top:var(--wp--preset--spacing--10);padding-right:var(--wp--preset--spacing--20);padding-bottom:var(--wp--preset--spacing--10);padding-left:var(--wp--preset--spacing--20)\">En utilisant notre site internet, vous acceptez toutes les dispositions de cette politique de confidentialit\u00e9 et vous acceptez que devenir-riche.fi recueille et traite vos donn\u00e9es conform\u00e9ment \u00e0 la pr\u00e9sente politique de confidentialit\u00e9.<\/p>\n<\/div>\n\n\n\n<div style=\"height:40px\" aria-hidden=\"true\" class=\"wp-block-spacer\"><\/div>\n\n\n\n<h2 class=\"wp-block-heading\">Responsable du traitement des donn\u00e9es<\/h2>\n\n\n\n<div class=\"wp-block-group has-base-2-background-color has-background is-vertical is-layout-flex wp-container-core-group-is-layout-05fe6a2f wp-block-group-is-layout-flex\" style=\"border-radius:15px;padding-top:var(--wp--preset--spacing--10);padding-right:var(--wp--preset--spacing--20);padding-bottom:var(--wp--preset--spacing--10);padding-left:var(--wp--preset--spacing--20)\">\n<p>Devenir-riche.fi<\/p>\n<\/div>\n\n\n\n<div style=\"height:40px\" aria-hidden=\"true\" class=\"wp-block-spacer\"><\/div>\n\n\n\n<h2 class=\"wp-block-heading\">Contact<\/h2>\n\n\n\n<div class=\"wp-block-group has-base-2-background-color has-background is-vertical is-layout-flex wp-container-core-group-is-layout-05fe6a2f wp-block-group-is-layout-flex\" style=\"border-radius:15px;padding-top:var(--wp--preset--spacing--10);padding-right:var(--wp--preset--spacing--20);padding-bottom:var(--wp--preset--spacing--10);padding-left:var(--wp--preset--spacing--20)\">\n<p>Pour toute information compl\u00e9mentaire ou commentaire concernant cette politique de confidentialit\u00e9, veuillez nous contacter par mail depuis notre formulaire de contact.<\/p>\n<\/div>\n\n\n\n<p><\/p>\n","protected":false},"excerpt":{"rendered":"<p>Cette rubrique d\u00e9taille notre politique concernant vos donn\u00e9es personnelles sur le site devenir-riche.fi, conform\u00e9ment au R\u00e8glement G\u00e9n\u00e9ral sur la Protection des Donn\u00e9es qui entre en vigueur le 25\/05\/2018 dans toute l&rsquo;Europe. C&rsquo;est pour nous l&rsquo;occasion d&rsquo;\u00eatre plus transparent sur les donn\u00e9es que nous collectons, ce que nous en faisons, afin, nous l&rsquo;esp\u00e9rons, d&rsquo;accroitre votre confiance. [&hellip;]<\/p>\n","protected":false},"author":1,"featured_media":0,"parent":0,"menu_order":0,"comment_status":"closed","ping_status":"closed","template":"","meta":{"footnotes":""},"class_list":["post-31","page","type-page","status-publish","hentry"],"_links":{"self":[{"href":"https:\/\/devenir-riche.fi\/index.php\/wp-json\/wp\/v2\/pages\/31","targetHints":{"allow":["GET"]}}],"collection":[{"href":"https:\/\/devenir-riche.fi\/index.php\/wp-json\/wp\/v2\/pages"}],"about":[{"href":"https:\/\/devenir-riche.fi\/index.php\/wp-json\/wp\/v2\/types\/page"}],"author":[{"embeddable":true,"href":"https:\/\/devenir-riche.fi\/index.php\/wp-json\/wp\/v2\/users\/1"}],"replies":[{"embeddable":true,"href":"https:\/\/devenir-riche.fi\/index.php\/wp-json\/wp\/v2\/comments?post=31"}],"version-history":[{"count":4,"href":"https:\/\/devenir-riche.fi\/index.php\/wp-json\/wp\/v2\/pages\/31\/revisions"}],"predecessor-version":[{"id":83,"href":"https:\/\/devenir-riche.fi\/index.php\/wp-json\/wp\/v2\/pages\/31\/revisions\/83"}],"wp:attachment":[{"href":"https:\/\/devenir-riche.fi\/index.php\/wp-json\/wp\/v2\/media?parent=31"}],"curies":[{"name":"wp","href":"https:\/\/api.w.org\/{rel}","templated":true}]}}